{"id":218,"date":"2024-09-27T08:14:11","date_gmt":"2024-09-27T06:14:11","guid":{"rendered":"https:\/\/dansaeducocreativa.com\/?page_id=218"},"modified":"2024-09-27T08:15:35","modified_gmt":"2024-09-27T06:15:35","slug":"politica-de-privacitat","status":"publish","type":"page","link":"https:\/\/dansaeducocreativa.com\/cas\/politica-de-privacitat\/","title":{"rendered":"Pol\u00edtica de privacidad"},"content":{"rendered":"<h2><strong>POL\u00cdTICA DE PRIVACIDAD P\u00c1GINA WEB DANSAEC COOP. V.<\/strong><\/h2>\n<p>La presente Pol\u00edtica de Privacidad establece los t\u00e9rminos en los que DANSAEC COOP. V. usa y protege la informaci\u00f3n proporcionada por sus usuarios al momento de utilizar su sitio web. Esta compa\u00f1\u00eda est\u00e1 compromesa con la seguridad de las datos de sus usuarios. Cuando le pedimos llenar los campos de informaci\u00f3n personal con la que usted pueda ser identificado, lo hacemos asegurando que s\u00f3lo se emplear\u00e1 de acuerdo con los t\u00e9rminos de este documento. No obstante, esta Pol\u00edtica de Privacidad puede cambiar con el tiempo o ser actualizada por lo que le recomendamos y enfatizamos revisar continuamente esta p\u00e1gina para asegurarse de que est\u00e1 de acuerdo con dichos cambios.<\/p>\n<p><strong>Derechos de los usuarios<\/strong><\/p>\n<p>Le informamos que podr\u00e1 ejercer los derechos de acceso, rectificaci\u00f3n, limitaci\u00f3n del tratamiento, oposici\u00f3n y portabilidad conforme a lo previsto en el Reglamento 2016\/679 de 27 de Abril de Protecci\u00f3n de Datos de Car\u00e1cter Personal y la Ley Org\u00e1nica 3\/2018, de 5 de diciembre, de protecci\u00f3n de datos personales y garant\u00eda de los derechos digitales e Instrucciones emitidas por la Agencia Espa\u00f1ola de Protecci\u00f3n de Datos (AEPD), enviando un mail a info@dansaeducocreativa.com o una carta junto con la fotocopia de su DNI, a la siguiente direcci\u00f3n: Acad\u00e9mico Maravall, 8 \u2013 B2 46800 X\u00e0tiva (Val\u00e8ncia)<\/p>\n<p><strong>Informaci\u00f3n que se recoge<\/strong><\/p>\n<p>Nuestro sitio web podr\u00e1 recoger informaci\u00f3n personal, por ejemplo: N\u00famero, informaci\u00f3n de contacto como su direcci\u00f3n de correo electr\u00f3nico e informaci\u00f3n demogr\u00e1fica. Asimismo cuando sea necesario podr\u00e1 ser requerida informaci\u00f3n espec\u00edfica para procesar alg\u00fan pedido o realizar una entrega o facturaci\u00f3n.<\/p>\n<p><strong>Uso de la informaci\u00f3n recogida<\/strong><\/p>\n<p>Nuestro sitio web utiliza la informaci\u00f3n con el fin de proporcionar el mejor servicio posible, particularmente para mantener un registro de usuarios, de pedidos en caso de que aplique, y mejorar nuestros productos y servicios. Es posible que sean enviados correos electr\u00f3nicos peri\u00f3dicamente a trav\u00e9s de nuestro sitio con ofertas especiales, nuevos productos y otra informaci\u00f3n publicitaria que consideremos relevante para usted o que pueda brindarle alg\u00fan beneficio, estos correos electr\u00f3nicos ser\u00e1n enviados a la direcci\u00f3n que usted proporcione y podr\u00e1n ser cancelados en cualquier momento.<\/p>\n<p>DANSAEC COOP. V. est\u00e1 altamente comprometido para cumplir con el compromiso de mantener su informaci\u00f3n segura. Usamos los sistemas m\u00e1s avanzados y los actualizamos constantemente para asegurarnos de que no existe ning\u00fan acceso no autorizado.<\/p>\n<p><strong>Cookies<\/strong><\/p>\n<p>Una cookie se refiere a un archivo que se env\u00eda con la finalidad de solicitar permiso para almacenarse en su ordenador, al aceptar dicho archivo se crea y la cookie sirve entonces para tener informaci\u00f3n respecto al tr\u00e1fico web, y tambi\u00e9n facilita las futuras<\/p>\n<p>visitas a una web recurrente. Otra funci\u00f3n que tienen las cookies es que con ellas las web pueden reconocerte individualmente y por tanto brindarte el mejor servicio personalizado de su web.<\/p>\n<p>El sitio web de DANSAEC COOP. V. utiliza cookies para poder identificar las p\u00e1ginas que son visitadas y su frecuencia. Esta informaci\u00f3n es empleada \u00fanicamente para an\u00e1lisis estad\u00edstico y despu\u00e9s la informaci\u00f3n se elimina de forma permanente. Puede eliminar las cookies en cualquier momento desde su ordenador.<\/p>\n<p>No obstante, las cookies ayudan a proporcionar un mejor servicio de los sitios web, estas no dan acceso a informaci\u00f3n de su ordenador ni de usted, a menos que usted as\u00ed lo quiera y la proporcione directamente, visitas a una web. Usted puede aceptar o negar el uso de cookies, sin embargo, la mayor\u00eda de navegadoras aceptan cookies autom\u00e1ticamente pues sirve para tener un mejor servicio web. Tambi\u00e9n puede cambiar la configuraci\u00f3n de su ordenador para declinar las cookies. Si se declinan es posible que no pueda utilizar algunos de nuestros servicios.<\/p>\n<p><strong>Enlaces a Terceros y Redes Sociales<\/strong><\/p>\n<p>Este sitio web pudiera contener enlaces a otros sitios que pudieran ser de su inter\u00e9s. Una vez que usted de clic en estos enlaces y abandone nuestra p\u00e1gina, ya no tenemos control sobre el sitio al que es redirigido y por tanto no somos responsables de los t\u00e9rminos o privacidad ni de la protecci\u00f3n de sus datos en estos otros sitios terceros. Dichos sitios est\u00e1n sujetos a sus propias pol\u00edticas de privacidad por lo que es recomanable que los consulte para confirmar que usted est\u00e1 de acuerdo con \u00e9stas.<\/p>\n<p><strong>Control de su informaci\u00f3n personal<\/strong><\/p>\n<p>En cualquier momento usted puede restringir la recopilaci\u00f3n o uso de la informaci\u00f3n personal que se proporciona en nuestro sitio web. Cada vez que se le solicite rellenar un formulario, como el de alta de usuario, puede marcar o desmarcar la opci\u00f3n de recibir informaci\u00f3n por correo electr\u00f3nico. En caso de que haya marcado la opci\u00f3n de recibir nuestro bolet\u00edn o publicidad usted puede cancelarla en cualquier momento.<\/p>\n<p>Esta compa\u00f1\u00eda no vendr\u00e1, ceder\u00e1 ni distribuir\u00e1 la informaci\u00f3n personal que se recopila sin su consentimiento, salvo que sea requerido por un juez con orden judicial.<\/p>\n<p>DANSAEC COOP. V. se reserva el derecho de cambiar los t\u00e9rminos de la presente Pol\u00edtica de Privacidad en cualquier momento.<\/p>","protected":false},"excerpt":{"rendered":"<p>POL\u00cdTICA DE PRIVACIDAD P\u00c1GINA WEB DANSAEC COOP. V. La presente Pol\u00edtica de Privacidad establece los t\u00e9rminos en que DANSAEC COOP. V. usa y protege la informaci\u00f3n que es proporcionada por sus usuarios al momento de utilizar su sitio web. Esta compa\u00f1\u00eda est\u00e1 comprometida con la seguridad de los datos de sus usuarios. Cuando le pedimos [&hellip;]<\/p>\n","protected":false},"author":1,"featured_media":0,"parent":0,"menu_order":0,"comment_status":"closed","ping_status":"closed","template":"","meta":{"footnotes":""},"class_list":["post-218","page","type-page","status-publish","hentry"],"_links":{"self":[{"href":"https:\/\/dansaeducocreativa.com\/cas\/wp-json\/wp\/v2\/pages\/218","targetHints":{"allow":["GET"]}}],"collection":[{"href":"https:\/\/dansaeducocreativa.com\/cas\/wp-json\/wp\/v2\/pages"}],"about":[{"href":"https:\/\/dansaeducocreativa.com\/cas\/wp-json\/wp\/v2\/types\/page"}],"author":[{"embeddable":true,"href":"https:\/\/dansaeducocreativa.com\/cas\/wp-json\/wp\/v2\/users\/1"}],"replies":[{"embeddable":true,"href":"https:\/\/dansaeducocreativa.com\/cas\/wp-json\/wp\/v2\/comments?post=218"}],"version-history":[{"count":2,"href":"https:\/\/dansaeducocreativa.com\/cas\/wp-json\/wp\/v2\/pages\/218\/revisions"}],"predecessor-version":[{"id":220,"href":"https:\/\/dansaeducocreativa.com\/cas\/wp-json\/wp\/v2\/pages\/218\/revisions\/220"}],"wp:attachment":[{"href":"https:\/\/dansaeducocreativa.com\/cas\/wp-json\/wp\/v2\/media?parent=218"}],"curies":[{"name":"wp","href":"https:\/\/api.w.org\/{rel}","templated":true}]}}