{"id":230,"date":"2024-09-27T08:23:01","date_gmt":"2024-09-27T06:23:01","guid":{"rendered":"https:\/\/dansaeducocreativa.com\/?page_id=230"},"modified":"2024-09-27T08:32:11","modified_gmt":"2024-09-27T06:32:11","slug":"avis-legal","status":"publish","type":"page","link":"https:\/\/dansaeducocreativa.com\/cas\/avis-legal\/","title":{"rendered":"Aviso legal"},"content":{"rendered":"<p>En cumplimiento del arte. 10 de Ley 34\/2002, de 11 de julio, de servicios de la sociedad de la informaci\u00f3n y de comercio electr\u00f3nico, le informamos que el responsable de este sitio web es:<\/p>\n<p><strong>IDENTIDAD<\/strong>: DANSAEC COOP. V.<\/p>\n<p><strong>CIF<\/strong>: F01724517<\/p>\n<p><strong>DOMICILIO<\/strong>: Acad\u00e9mico Maravall, 8 \u2013 B2 46800 X\u00e0tiva(Val\u00e8ncia)<\/p>\n<p><strong>TEL\u00c9FONO<\/strong>: 667 73 29 39<\/p>\n<p><strong>E-MAIL<\/strong>: info@dansaeducocreativa<\/p>\n<p><strong>Condiciones generales de uso de <\/strong><strong>dansaeducocreativa.com:<\/strong><\/p>\n<ol>\n<li><strong> Objeto<\/strong><\/li>\n<\/ol>\n<p>Las presentes condiciones generales de uso (en adelante CGU), regulan el acceso y uso del Website bajo el dominio WWW.DANSAEDUCOCREATIVA.COM (en adelante Website), titularidad de \u201cDANSAEC COOP. V.\u201d, puesto a disposici\u00f3n de los usuarios (en adelante Usuario\/s). Ante cualquier duda o consulta relacionada con la utilizaci\u00f3n y acceso al Website o de las presentes CGU, puede contactar con nosotros a trav\u00e9s de las datos de contacto publicadas en el Aviso Legal.<\/p>\n<ol start=\"2\">\n<li><strong> Conformidad con las presentes condiciones generales<\/strong><\/li>\n<\/ol>\n<p>La utilizaci\u00f3n del Website supone la aceptaci\u00f3n plena por el Usuario de las CGU vigentes en cada momento en que el Usuario acceda al mismo. Por lo que \u00e9ste si no est\u00e1 de acuerdo con cualquiera de las condiciones aqu\u00ed establecidas deber\u00e1 abstenerse de usar este Website.<\/p>\n<p>En consecuencia, el Usuario debe leer con atenci\u00f3n las CGU cada vez que se proponga utilizar el Website. En todo caso, <strong>DANSAEC COOP. V.<\/strong> se reserva el derecho de modificar, sin previo aviso y en cualquier momento las CGU. Asimismo, <strong>DANSAEC COOP. V.<\/strong> se reserva el derecho de suspender, interrumpir o dejar de operar el Website en cualquier momento.<\/p>\n<p>Por \u201cutilizaci\u00f3n del Website\u201d, se entiende a todo Usuario que acceda y navegue por el Website independientemente de que cumplimente los formularios de registro.<\/p>\n<ol start=\"3\">\n<li><strong> Condiciones de acceso y uso del website y sus contenidos<\/strong><\/li>\n<\/ol>\n<p>El acceso al Website y\/oa los Contenidos incluidos en el mismo no implica ning\u00fan tipo de garant\u00eda respecto a la idoneidad del Website y\/o de los Contenidos incluidos en el mismo para fines particulares o espec\u00edficos de los Usuarios.<\/p>\n<p><strong>DANSAEC COOP. V.<\/strong> podr\u00e1 establecer limitaciones y\/o condiciones adicionales para el uso y\/o acceso al Sitio Web y\/oa los Contenidos, las cuales deber\u00e1n ser observadas por los Usuarios en todo caso.<\/p>\n<p><strong>3.1. Acceso y uso del website<\/strong><\/p>\n<p>Salvo que se disponga otra cosa, el uso del Website tendr\u00e1 car\u00e1cter gratuito, sin perjuicio del coste de conexi\u00f3n a trav\u00e9s de la correspondiente red de telecomunicaciones que tenga contratada el Usuario.<\/p>\n<p>El Usuario reconoce ser mayor de dieciocho a\u00f1os, asimismo es consciente y acepta voluntaria y expresamente que el uso del Website se realiza en todo caso bajo su \u00fanica y exclusiva responsabilidad.<\/p>\n<p>El Usuario se obliga al cumplimiento de las CGU, as\u00ed como a cumplir las especiales advertencias o instrucciones contenidas en el Website ya obrar siempre conforme a la ley, a las buenas costumbres ya las exigencias de la buena fe, empleando su m\u00e1xima atenci\u00f3n teniendo en cuenta la naturaleza y contraprestaci\u00f3n del servicio del que disfruta. A tal efecto, se abstendr\u00e1 de utilizar el Website de cualquier forma que pueda impedir, da\u00f1ar o deteriorar el normal funcionamiento del mismo, los bienes o derechos de <strong>DANSAEC COOP. V.<\/strong>, sus proveedores, sus distribuidoras, el resto de usuarios o en general de cualquier tercero.<\/p>\n<p>Concretamente y sin que ello implique restricci\u00f3n alguna a la obligaci\u00f3n asumida por el Usuario con car\u00e1cter general de conformidad con el apartado anterior, el Usuario se obliga en la utilizaci\u00f3n del Website:<\/p>\n<ol>\n<li>a) A no introducir, almacenar o difundir en o desde el Website, cualquier informaci\u00f3n o material que sea difamatorio, injurioso, obsceno, amenazador, xen\u00f3fobo, pornogr\u00e1fico, de apolog\u00eda al terrorismo, incite a la violencia, a la discriminaci\u00f3n por raz\u00f3n de raza, sexo, ideolog\u00eda, religi\u00f3n o que de cualquier forma honor, la intimidad o la imagen de terceros y por lo general la normativa vigente.<\/li>\n<li>b) A no introducir, almacenar o difundir mediante el Website ning\u00fan programa de ordenador, datos, virus, c\u00f3digo, o cualquier otro instrumento o dispositivo electr\u00f3nico o f\u00edsico que sea susceptible de causar da\u00f1os en el Website, en cualquiera de los servicios, o en cualquiera de los equipos, sistemas o redes de <strong>DANSAEC COOP. V.<\/strong>, de cualquier Usuario, de los Proveedores o Distribuidores de <strong>DANSAEC COOP. V.<\/strong> o por lo general de cualquier tercero, capaz de causar cualquier tipo de alteraci\u00f3n o impedir el normal funcionamiento de los mismos.<\/li>\n<li>c) A no introducir, almacenar o difundir mediante el Website cualquier contenido que infringa las normas de propiedad intelectual, industrial o derechos de terceros, ni en general ning\u00fan contenido del que no ostentase, de conformidad con la ley, el derecho a ponerlo a disposici\u00f3n de terceros.<\/li>\n<\/ol>\n<p><strong>3.2. Acceso y uso de los contenidos<\/strong><\/p>\n<p>Los Contenidos del Website est\u00e1n puestos a disposici\u00f3n del Usuario con informaci\u00f3n procedente tanto de fuentes propias como de terceros.<\/p>\n<p><strong>DANSAEC COOP. V.<\/strong> procura que los Contenidos sean de la mayor calidad posible y est\u00e9n razonablemente actualizados, pero no garantiza la utilidad, exactitud, exhaustividad, pertinencia y\/o actualidad de los Contenidos.<\/p>\n<ol start=\"4\">\n<li><strong> Derechos de propiedad intelectual e industrial<\/strong><\/li>\n<\/ol>\n<p>Mediante estas CGU no se cede ning\u00fan derecho de propiedad intelectual o industrial sobre el Sitio Web ni sobre ninguno de sus elementos integrantes, quedando expresamente prohibidos al Usuario la reproducci\u00f3n, transformaci\u00f3n, distribuci\u00f3n, comunicaci\u00f3n p\u00fablica, puesta a disposici\u00f3n, extracci\u00f3n, reutilizaci\u00f3n, reenv\u00edo o la utilizaci\u00f3n de cualquier naturaleza, por cualquier medio o procedimiento, sea por los casos de cualquiera de ellos, salvo en los casos derechos.<\/p>\n<p>El Usuario podr\u00e1 visualizar y obtener una copia privada temporal de los Contenidos para su exclusivo uso personal y privado en sus sistemas inform\u00e1ticos (software y hardware), siempre que no sea con la finalidad de desarrollar actividades de car\u00e1cter comercial o profesional. El Usuario deber\u00e1 abstenerse de obtener, o intentar obtener, los Contenidos por medios o procedimientos distintos de los que en cada caso se hayan puesto a su disposici\u00f3n o indicado al efecto o de los que se utilicen habitualmente en Internet (siempre que estos \u00faltimos no entra\u00f1en un riesgo de da\u00f1o o inutilizaci\u00f3n del Website). El Usuario deber\u00e1 respetar en todo momento todos los derechos de propiedad intelectual e industrial sobre el Website, de titularidad de <strong>DANSAEC COOP. V.<\/strong> o de terceros.<\/p>\n<ol start=\"5\">\n<li><strong> Exclusi\u00f3n de gararnt\u00edas y responsabilidad<\/strong><\/li>\n<\/ol>\n<p><strong>5.1. Exclusi\u00f3n de Garant\u00edas y Responsabilidad por el Funcionamiento del Website<\/strong><\/p>\n<p><strong>DANSAEC COOP. V.<\/strong> no garantiza la disponibilidad y continuidad del funcionamiento del Website y de los servicios o Contenidos ofrecidos en el mismo, ni que el contenido existente en su Website se encuentre actualizado, quedando exonerado de toda responsabilidad por los da\u00f1os y perjudicios de cualquier naturaleza que puedan originarse por tales circunstancias.<\/p>\n<p><strong>DANSAEC COOP. V.<\/strong> llevar\u00e1 a cabo, siempre que no concurran circunstancias que lo hayan imposible o de dif\u00edcil ejecuci\u00f3n y tan pronto tenga noticias de los errores, desconexiones y\/o falta de actualizaci\u00f3n de los contenidos, todas aquellas labores tendentes a subsanar los errores, restablir la comunicaci\u00f3n y\/o actualizar los referidos contenidos.<\/p>\n<p>Asimismo, <strong>DANSAEC COOP. V.<\/strong> no garantiza ni la fiabilidad t\u00e9cnica de su Website, ni el acceso a sus distintas p\u00e1ginas, quedando de la misma forma exonerado de toda responsabilidad por los da\u00f1os y perjudicios de cualquier naturaleza que puedan originarse por esta causa.<\/p>\n<p>Adem\u00e1s, <strong>DANSAEC COOP. V.<\/strong> no se hace responsable de los posibles errores o deficiencias de seguridad que pudieran producirse por la utilizaci\u00f3n por parte del Usuario de un navegador de una versi\u00f3n no actualizada o insegura en el navegador o de los da\u00f1os, errores o inexactitudes que pudieran derivarse del mal funcionamiento del mismo.<\/p>\n<p>Con el fin de disminuir el riesgo de introducci\u00f3n de virus en el Website, utiliza programas de detecci\u00f3n de virus para controlar todos los contenidos que introduce en el Website. Sin embargo,<strong>DANSAEC COOP. V.<\/strong> no garantiza la ausencia de virus, ni de otros elementos en el Website introducidos por terceros ajenos a <strong>DANSAEC COOP. V.<\/strong> que puedan producir alteraciones en los sistemas f\u00edsicos o l\u00f3gicos de los usuarios o en los documentos electr\u00f3nicos y archivos almacenados en sus sistemas. En consecuencia, <strong>DANSAEC COOP. V.<\/strong> no ser\u00e1 en ning\u00fan caso responsable de cualesquiera da\u00f1os y perjudicios de toda naturaleza que pudieran derivarse de la presencia de virus u otros elementos que puedan producir alteraciones en los sistemas f\u00edsicos o l\u00f3gicos, documentos electr\u00f3nicos o archivos de los Usuarios.<\/p>\n<p><strong>DANSAEC COOP. V.<\/strong> adopta diversas medidas de protecci\u00f3n para proteger el Website, las datos recabadas y los Contenidos contra ataques inform\u00e1ticos de terceros. Sin embargo, <strong>DANSAEC COOP. V.<\/strong> no garantiza que terceros no autorizados puedan tener acceso al tipo de uso o navegaci\u00f3n del Sitio Web que hace el Usuario o las condiciones, caracter\u00edsticas y circunstancias en las que se efect\u00faa. En consecuencia, <strong>DANSAEC COOP. V.<\/strong> no ser\u00e1 en ning\u00fan caso responsable de los da\u00f1os y perjudicios que pudieran derivarse de dicho acceso no autorizado.<\/p>\n<p><strong>DANSAEC COOP. V.<\/strong> no se har\u00e1 responsable en ning\u00fan caso del uso que los usuarios y\/o terceros pudieran hacer del Website o los Contenidos, ni de los da\u00f1os y perjudicios que pudieran derivarse del mismo.<\/p>\n<p><strong>5.2. Exclusi\u00f3n de Garant\u00edas y Responsabilidad por los Contenidos.<\/strong><\/p>\n<p><strong>DANSAEC COOP. V.<\/strong> no edita los contenidos de terceros publicados en el Website y, en consecuencia, no garantiza ni se hace responsable de la licitud, fiabilidad, utilidad, veracidad, exactitud, exhaustividad y actualidad de dichos contenidos, as\u00ed como tampoco de los contenidos titularidad de <strong>DANSAEC COOP. V.<\/strong> no ser\u00e1 en ning\u00fan caso responsable de cualesquiera da\u00f1os y perjuicios que pudieran derivarse de: (i) la falta de licitud, veracidad, exactitud, exhaustividad y\/o actualidad de los Contenidos originados por terceros y suyos propios; (ii) la inadecuaci\u00f3n para cualquier prop\u00f3sito y la defraudaci\u00f3n de las expectativas generadas por los Contenidos; (iii) decisiones o acciones tomadas o evitadas por parte del usuario confiando en la informaci\u00f3n o datos facilitados o proporcionados en los Contenidos, incluyendo sin limitaci\u00f3n la p\u00e9rdida de beneficios u oportunidades empresariales.<\/p>\n<ol start=\"6\">\n<li><strong> Hiperenlaces<\/strong><\/li>\n<\/ol>\n<p>Aquellas personas que se propongan establecer hiperenlaces entre su p\u00e1gina Web y el Website deber\u00e1n observar y cumplir las siguientes condiciones:<\/p>\n<ol>\n<li>i) No ser\u00e1 necesaria autorizaci\u00f3n previa cuando el Hiperenlace permita \u00fanicamente el acceso a la p\u00e1gina de inicio del Website, pero no podr\u00e1 reproducirla de ninguna forma. Cualquier otra forma de Hiperenlace requerir\u00e1 la autorizaci\u00f3n expresa e inequ\u00edvoca por escrito por parte de <strong>DANSAEC COOP. V.<\/strong>.<\/li>\n<li>ii) La p\u00e1gina Web en la que se establezca el Hiperenlace solo podr\u00e1 contener lo estrictamente necesario para identificar el destino del Hiperenlace.<\/li>\n<\/ol>\n<p>iii) La p\u00e1gina Web en la que se establezca el Hiperenlace no contendr\u00e1 informaciones o contenidos il\u00edcitos, contrarios a la moral ya las buenas costumbres generalmente aceptadas y al orden p\u00fablico, as\u00ed como tampoco contendr\u00e1 contenidos contrarios a cualesquiera derechos de terceros.<\/p>\n<ol>\n<li>iv) <strong>DANSAEC COOP. V.<\/strong> se reserva el derecho a bloquear los Hiperenlaces dirigidos al Website que no cuenten con autorizaci\u00f3n expresa con car\u00e1cter previo a un cumpliendo con lo preceptuado en este punto de las Condiciones Generales.<\/li>\n<li><strong> Acciones en caso de incumplimiento<\/strong><\/li>\n<\/ol>\n<p><strong>DANSAEC COOP. V.<\/strong> se reserva el derecho a ejercer cuantas acciones est\u00e9n disponibles en derecho para exigir las responsabilidades que se deriven del incumplimiento de cualquiera de las disposiciones de estas Condiciones Generales del Website por parte de un usuario.<\/p>\n<ol start=\"8\">\n<li><strong> Nulidad parcial<\/strong><\/li>\n<\/ol>\n<p>La declaraci\u00f3n de cualquiera de las cl\u00e1usulas contenidas en estas Condiciones Generales como nula, inv\u00e1lida o ineficaz no afectar\u00e1 a la validez o eficacia de las restantes, que seguir\u00e1n siendo vinculantes entre las partes.<\/p>\n<ol start=\"9\">\n<li><strong> Ley Aplicable y jurisdicci\u00f3n<\/strong><\/li>\n<\/ol>\n<p>Las presentes CGU se regir\u00e1n por lo dispuesto en la legislaci\u00f3n espa\u00f1ola.<\/p>\n<p>Cualquier controversia relativa a las condiciones de uso y acceso a este Website contenidas en el presente documento de CGU del Website, las partes se someten, renunciando expresamente a cualquier otro fuero que pudiera corresponderles, salvo que por imperativo legal se determine lo contrario, a los Juzgados de Denia.<\/p>\n<ol start=\"10\">\n<li><strong> Notificaciones<\/strong><\/li>\n<\/ol>\n<p>A efectos de practicar las oportunas notificaciones, <strong>DANSAEC COOP. V.<\/strong> designa como domicilio de contacto lo especificado en el Aviso Legal.<\/p>\n<p>El correo electr\u00f3nico facilitado por el Usuario durante el proceso de registro en el Website, ser\u00e1 el utilizado por <strong>DANSAEC COOP. V.<\/strong> a efectos de practicar notificaciones al Usuario. El Usuario est\u00e1 obligado a mantener debidamente actualizados las datos que a efectos de notificaciones se referencian en la presente cl\u00e1usula.<\/p>\n<p>Todas las Notificaciones que efect\u00fae <strong>DANSAEC COOP. V.<\/strong> al Usuario se considerar\u00e1n v\u00e1lidamente efectuadas si se han realizado empleando las datos ya trav\u00e9s de los medios anteriormente se\u00f1alados. <strong>DANSAEC COOP. V.<\/strong> no se responsabiliza de cualquier perjudicio que pudiera producirse por la vulneraci\u00f3n del Usuario de su obligaci\u00f3n de mantenimiento actualizado de sus datos de contacto.<\/p>","protected":false},"excerpt":{"rendered":"<p>En cumplimiento del art. 10 de Ley 34\/2002, de 11 de julio, de servicios de la sociedad de la informaci\u00f3n y de comercio electr\u00f3nico, le informamos que el responsable de este sitio web es: IDENTIDAD: DANSAEC COOP. V. C.I.F: F01724517 DOMICILIO: Acade\u0300mic Maravall, 8 &#8211; B2 46800 X\u00e0tiva(Val\u00e8ncia) TEL\u00c9FONO: 667 73 29 39 E-MAIL: info@dansaeducocreativa [&hellip;]<\/p>\n","protected":false},"author":1,"featured_media":0,"parent":0,"menu_order":0,"comment_status":"closed","ping_status":"closed","template":"","meta":{"footnotes":""},"class_list":["post-230","page","type-page","status-publish","hentry"],"_links":{"self":[{"href":"https:\/\/dansaeducocreativa.com\/cas\/wp-json\/wp\/v2\/pages\/230","targetHints":{"allow":["GET"]}}],"collection":[{"href":"https:\/\/dansaeducocreativa.com\/cas\/wp-json\/wp\/v2\/pages"}],"about":[{"href":"https:\/\/dansaeducocreativa.com\/cas\/wp-json\/wp\/v2\/types\/page"}],"author":[{"embeddable":true,"href":"https:\/\/dansaeducocreativa.com\/cas\/wp-json\/wp\/v2\/users\/1"}],"replies":[{"embeddable":true,"href":"https:\/\/dansaeducocreativa.com\/cas\/wp-json\/wp\/v2\/comments?post=230"}],"version-history":[{"count":2,"href":"https:\/\/dansaeducocreativa.com\/cas\/wp-json\/wp\/v2\/pages\/230\/revisions"}],"predecessor-version":[{"id":233,"href":"https:\/\/dansaeducocreativa.com\/cas\/wp-json\/wp\/v2\/pages\/230\/revisions\/233"}],"wp:attachment":[{"href":"https:\/\/dansaeducocreativa.com\/cas\/wp-json\/wp\/v2\/media?parent=230"}],"curies":[{"name":"wp","href":"https:\/\/api.w.org\/{rel}","templated":true}]}}