{"id":554,"date":"2025-03-29T12:20:50","date_gmt":"2025-03-29T11:20:50","guid":{"rendered":"https:\/\/dansaeducocreativa.com\/?page_id=554"},"modified":"2025-12-04T11:58:14","modified_gmt":"2025-12-04T10:58:14","slug":"dansa-educocreativa-i-social","status":"publish","type":"page","link":"https:\/\/dansaeducocreativa.com\/val\/","title":{"rendered":"Dansa Educocreativa i Social"},"content":{"rendered":"\t\t<div data-elementor-type=\"wp-page\" data-elementor-id=\"554\" class=\"elementor elementor-554\" data-elementor-post-type=\"page\">\n\t\t\t\t<div class=\"elementor-element elementor-element-f046162 e-flex e-con-boxed e-con e-parent\" data-id=\"f046162\" data-element_type=\"container\" data-e-type=\"container\" data-settings=\"{&quot;background_background&quot;:&quot;video&quot;,&quot;background_video_link&quot;:&quot;https:\\\/\\\/dansaeducocreativa.com\\\/wp-content\\\/uploads\\\/bg-video_01.mp4&quot;}\" data-theme=\"light\">\n\t\t\t\t\t<div class=\"e-con-inner\">\n\t\t<div class=\"elementor-background-video-container elementor-hidden-mobile\">\n\t\t\t\t\t\t\t<video class=\"elementor-background-video-hosted\" role=\"presentation\" autoplay muted playsinline loop><\/video>\n\t\t\t\t\t<\/div><div class=\"elementor-element elementor-element-7d61395 e-con-full e-flex e-con e-child\" data-id=\"7d61395\" data-element_type=\"container\" data-e-type=\"container\">\n\t\t\t\t<div class=\"elementor-element elementor-element-c536569 elementor-widget elementor-widget-heading\" data-id=\"c536569\" data-element_type=\"widget\" data-e-type=\"widget\" data-widget_type=\"heading.default\">\n\t\t\t\t<div class=\"elementor-widget-container\">\n\t\t\t\t\t<h1 class=\"elementor-heading-title elementor-size-default\">Institut de Dansa Educocreativa\u00ae i Social (IDES)<\/h1>\t\t\t\t<\/div>\n\t\t\t\t<\/div>\n\t\t\t\t<div class=\"elementor-element elementor-element-1c4e9df elementor-widget elementor-widget-heading\" data-id=\"1c4e9df\" data-element_type=\"widget\" data-e-type=\"widget\" data-widget_type=\"heading.default\">\n\t\t\t\t<div class=\"elementor-widget-container\">\n\t\t\t\t\t<h2 class=\"elementor-heading-title elementor-size-default\">Dansa, educaci\u00f3 i innovaci\u00f3 per a totes les etapes de la vida<\/h2>\t\t\t\t<\/div>\n\t\t\t\t<\/div>\n\t\t\t\t<div class=\"elementor-element elementor-element-60296e6 elementor-widget elementor-widget-text-editor\" data-id=\"60296e6\" data-element_type=\"widget\" data-e-type=\"widget\" data-widget_type=\"text-editor.default\">\n\t\t\t\t<div class=\"elementor-widget-container\">\n\t\t\t\t\t\t\t\t\t<p>A l&#8217;Institut de Dansa Educocreativa\u00ae i Social desenvolupem projectes per a la promoci\u00f3, formaci\u00f3, investigaci\u00f3 i innovaci\u00f3 de la dansa en l&#8217;\u00e0mbit educatiu i social. Som una entitat especialitzada que uneix la dansa amb l&#8217;educaci\u00f3, la inclusi\u00f3 social, el benestar i la creativitat, oferint programes per a persones de totes les edats.<\/p>\t\t\t\t\t\t\t\t<\/div>\n\t\t\t\t<\/div>\n\t\t\t\t<\/div>\n\t\t\t\t\t<\/div>\n\t\t\t\t<\/div>\n\t\t<div class=\"elementor-element elementor-element-7fa8441 e-flex e-con-boxed e-con e-parent\" data-id=\"7fa8441\" data-element_type=\"container\" data-e-type=\"container\" data-settings=\"{&quot;background_background&quot;:&quot;classic&quot;}\" data-theme=\"dark\">\n\t\t\t\t\t<div class=\"e-con-inner\">\n\t\t<div class=\"elementor-element elementor-element-43bedd4 e-con-full e-flex e-con e-child\" data-id=\"43bedd4\" data-element_type=\"container\" data-e-type=\"container\">\n\t\t\t\t<div class=\"elementor-element elementor-element-164e9b2 elementor-widget elementor-widget-heading\" data-id=\"164e9b2\" data-element_type=\"widget\" data-e-type=\"widget\" data-widget_type=\"heading.default\">\n\t\t\t\t<div class=\"elementor-widget-container\">\n\t\t\t\t\t<h1 class=\"elementor-heading-title elementor-size-default\">Projectes de dansa per a transformar la societat<\/h1>\t\t\t\t<\/div>\n\t\t\t\t<\/div>\n\t\t\t\t<div class=\"elementor-element elementor-element-1cfc7d8 elementor-widget elementor-widget-heading\" data-id=\"1cfc7d8\" data-element_type=\"widget\" data-e-type=\"widget\" data-widget_type=\"heading.default\">\n\t\t\t\t<div class=\"elementor-widget-container\">\n\t\t\t\t\t<h2 class=\"elementor-heading-title elementor-size-default\">Formaci\u00f3 interdisciplin\u00e0ria en dansa i moviment<\/h2>\t\t\t\t<\/div>\n\t\t\t\t<\/div>\n\t\t\t\t<div class=\"elementor-element elementor-element-9de0549 elementor-widget elementor-widget-text-editor\" data-id=\"9de0549\" data-element_type=\"widget\" data-e-type=\"widget\" data-widget_type=\"text-editor.default\">\n\t\t\t\t<div class=\"elementor-widget-container\">\n\t\t\t\t\t\t\t\t\t<p>Amb programes disenyats per a persones <b>menudes, joves, adultes i majors<\/b>, l&#8217;Institut de Dansa Educocreativa\u00ae i Social ofereix una formaci\u00f3 integral de dansa creativa amb un enfocament inclusiu. Treballem per potenciar la creativitat, el desenvolupament art\u00edstic i el benestar integral de les persones a trav\u00e9s del moviment.<\/p>\t\t\t\t\t\t\t\t<\/div>\n\t\t\t\t<\/div>\n\t\t\t\t<\/div>\n\t\t<div class=\"elementor-element elementor-element-16b389c e-con-full e-flex e-con e-child\" data-id=\"16b389c\" data-element_type=\"container\" data-e-type=\"container\">\n\t\t\t\t<div class=\"elementor-element elementor-element-430fa48 elementor-widget elementor-widget-image\" data-id=\"430fa48\" data-element_type=\"widget\" data-e-type=\"widget\" data-settings=\"{&quot;motion_fx_motion_fx_scrolling&quot;:&quot;yes&quot;,&quot;motion_fx_translateY_effect&quot;:&quot;yes&quot;,&quot;motion_fx_translateY_direction&quot;:&quot;negative&quot;,&quot;motion_fx_translateY_affectedRange&quot;:{&quot;unit&quot;:&quot;%&quot;,&quot;size&quot;:&quot;&quot;,&quot;sizes&quot;:{&quot;start&quot;:58,&quot;end&quot;:100}},&quot;motion_fx_scale_effect&quot;:&quot;yes&quot;,&quot;motion_fx_scale_direction&quot;:&quot;in-out&quot;,&quot;motion_fx_scale_range&quot;:{&quot;unit&quot;:&quot;%&quot;,&quot;size&quot;:&quot;&quot;,&quot;sizes&quot;:{&quot;start&quot;:0,&quot;end&quot;:54}},&quot;motion_fx_translateY_speed&quot;:{&quot;unit&quot;:&quot;px&quot;,&quot;size&quot;:4,&quot;sizes&quot;:[]},&quot;motion_fx_scale_speed&quot;:{&quot;unit&quot;:&quot;px&quot;,&quot;size&quot;:4,&quot;sizes&quot;:[]},&quot;motion_fx_devices&quot;:[&quot;desktop&quot;,&quot;tablet&quot;,&quot;mobile&quot;]}\" data-widget_type=\"image.default\">\n\t\t\t\t<div class=\"elementor-widget-container\">\n\t\t\t\t\t\t\t\t\t\t\t\t\t\t\t<img fetchpriority=\"high\" decoding=\"async\" width=\"801\" height=\"912\" src=\"https:\/\/dansaeducocreativa.com\/wp-content\/uploads\/dansa-educocreativa_01.webp\" class=\"attachment-full size-full wp-image-784\" alt=\"Projectes de dansa per a transformar la societat\" srcset=\"https:\/\/dansaeducocreativa.com\/wp-content\/uploads\/dansa-educocreativa_01.webp 801w, https:\/\/dansaeducocreativa.com\/wp-content\/uploads\/dansa-educocreativa_01-263x300.webp 263w, https:\/\/dansaeducocreativa.com\/wp-content\/uploads\/dansa-educocreativa_01-768x874.webp 768w\" sizes=\"(max-width: 801px) 100vw, 801px\" \/>\t\t\t\t\t\t\t\t\t\t\t\t\t\t\t<\/div>\n\t\t\t\t<\/div>\n\t\t\t\t<\/div>\n\t\t\t\t\t<\/div>\n\t\t\t\t<\/div>\n\t\t<div class=\"elementor-element elementor-element-119b21a e-con-full e-flex e-con e-parent\" data-id=\"119b21a\" data-element_type=\"container\" data-e-type=\"container\" data-settings=\"{&quot;background_background&quot;:&quot;classic&quot;,&quot;background_motion_fx_motion_fx_scrolling&quot;:&quot;yes&quot;,&quot;background_motion_fx_translateY_effect&quot;:&quot;yes&quot;,&quot;background_motion_fx_translateY_speed&quot;:{&quot;unit&quot;:&quot;px&quot;,&quot;size&quot;:10,&quot;sizes&quot;:[]},&quot;background_motion_fx_translateY_affectedRange&quot;:{&quot;unit&quot;:&quot;%&quot;,&quot;size&quot;:&quot;&quot;,&quot;sizes&quot;:{&quot;start&quot;:0,&quot;end&quot;:100}},&quot;background_motion_fx_devices&quot;:[&quot;desktop&quot;,&quot;tablet&quot;,&quot;mobile&quot;]}\" data-theme=\"dark\">\n\t\t\t\t<\/div>\n\t\t<div class=\"elementor-element elementor-element-4655669 e-flex e-con-boxed e-con e-parent\" data-id=\"4655669\" data-element_type=\"container\" data-e-type=\"container\" data-settings=\"{&quot;background_background&quot;:&quot;classic&quot;}\" data-theme=\"dark\">\n\t\t\t\t\t<div class=\"e-con-inner\">\n\t\t<div class=\"elementor-element elementor-element-28b1870 e-con-full e-flex e-con e-child\" data-id=\"28b1870\" data-element_type=\"container\" data-e-type=\"container\">\n\t\t\t\t<div class=\"elementor-element elementor-element-80e2f2a elementor-widget elementor-widget-heading\" data-id=\"80e2f2a\" data-element_type=\"widget\" data-e-type=\"widget\" data-widget_type=\"heading.default\">\n\t\t\t\t<div class=\"elementor-widget-container\">\n\t\t\t\t\t<h2 class=\"elementor-heading-title elementor-size-default\">Un equip multidisciplinari especialitzat<\/h2>\t\t\t\t<\/div>\n\t\t\t\t<\/div>\n\t\t\t\t<div class=\"elementor-element elementor-element-9f0b85c elementor-widget elementor-widget-text-editor\" data-id=\"9f0b85c\" data-element_type=\"widget\" data-e-type=\"widget\" data-widget_type=\"text-editor.default\">\n\t\t\t\t<div class=\"elementor-widget-container\">\n\t\t\t\t\t\t\t\t\t<p>El nostre equip est\u00e0 format per professionals de la dansa i d\u2019altres disciplines com la <b>psicologia<\/b>, la <b>ter\u00e0pia corporal<\/b> i la <b>inclusi\u00f3 social<\/b>. Sota la direcci\u00f3 de <b>Alicia Herrero<\/b> i <b>Cristina Puchades<\/b>, impulsem projectes que uneixen la dansa amb l&#8217;educaci\u00f3, el benestar i la transformaci\u00f3 social.<\/p>\t\t\t\t\t\t\t\t<\/div>\n\t\t\t\t<\/div>\n\t\t\t\t<\/div>\n\t\t<div class=\"elementor-element elementor-element-8b43b6b e-con-full e-flex e-con e-child\" data-id=\"8b43b6b\" data-element_type=\"container\" data-e-type=\"container\">\n\t\t\t\t<div class=\"elementor-element elementor-element-482e0f4 elementor-align-right fletxa elementor-widget elementor-widget-button\" data-id=\"482e0f4\" data-element_type=\"widget\" data-e-type=\"widget\" data-widget_type=\"button.default\">\n\t\t\t\t<div class=\"elementor-widget-container\">\n\t\t\t\t\t\t\t\t\t<div class=\"elementor-button-wrapper\">\n\t\t\t\t\t<a class=\"elementor-button elementor-button-link elementor-size-sm\" href=\"https:\/\/dansaeducocreativa.com\/equip\/\">\n\t\t\t\t\t\t<span class=\"elementor-button-content-wrapper\">\n\t\t\t\t\t\t\t\t\t<span class=\"elementor-button-text\">QUI SOM<\/span>\n\t\t\t\t\t<\/span>\n\t\t\t\t\t<\/a>\n\t\t\t\t<\/div>\n\t\t\t\t\t\t\t\t<\/div>\n\t\t\t\t<\/div>\n\t\t\t\t<\/div>\n\t\t\t\t\t<\/div>\n\t\t\t\t<\/div>\n\t\t<div class=\"elementor-element elementor-element-267a016 e-con-full elementor-hidden-mobile elementor-hidden-tablet e-flex e-con e-parent\" data-id=\"267a016\" data-element_type=\"container\" data-e-type=\"container\" data-settings=\"{&quot;background_background&quot;:&quot;classic&quot;,&quot;background_motion_fx_motion_fx_scrolling&quot;:&quot;yes&quot;,&quot;background_motion_fx_translateY_effect&quot;:&quot;yes&quot;,&quot;background_motion_fx_translateY_speed&quot;:{&quot;unit&quot;:&quot;px&quot;,&quot;size&quot;:10,&quot;sizes&quot;:[]},&quot;background_motion_fx_translateY_affectedRange&quot;:{&quot;unit&quot;:&quot;%&quot;,&quot;size&quot;:&quot;&quot;,&quot;sizes&quot;:{&quot;start&quot;:19,&quot;end&quot;:88}},&quot;background_motion_fx_translateY_direction&quot;:&quot;negative&quot;,&quot;background_motion_fx_devices&quot;:[&quot;desktop&quot;,&quot;tablet&quot;,&quot;mobile&quot;]}\" data-theme=\"dark\">\n\t\t\t\t<\/div>\n\t\t<div class=\"elementor-element elementor-element-4f9a39b e-con-full elementor-hidden-desktop e-flex e-con e-parent\" data-id=\"4f9a39b\" data-element_type=\"container\" data-e-type=\"container\" data-settings=\"{&quot;background_background&quot;:&quot;classic&quot;}\">\n\t\t\t\t<div class=\"elementor-element elementor-element-a24f9c8 elementor-widget elementor-widget-image\" data-id=\"a24f9c8\" data-element_type=\"widget\" data-e-type=\"widget\" data-widget_type=\"image.default\">\n\t\t\t\t<div class=\"elementor-widget-container\">\n\t\t\t\t\t\t\t\t\t\t\t\t\t\t\t<img decoding=\"async\" width=\"2560\" height=\"1438\" src=\"https:\/\/dansaeducocreativa.com\/wp-content\/uploads\/equip-dansaeducocreativa-scaled.webp\" class=\"attachment-full size-full wp-image-840\" alt=\"Un equip multidisciplinari especialitzat en dansa\" srcset=\"https:\/\/dansaeducocreativa.com\/wp-content\/uploads\/equip-dansaeducocreativa-scaled.webp 2560w, https:\/\/dansaeducocreativa.com\/wp-content\/uploads\/equip-dansaeducocreativa-300x168.webp 300w, https:\/\/dansaeducocreativa.com\/wp-content\/uploads\/equip-dansaeducocreativa-1024x575.webp 1024w, https:\/\/dansaeducocreativa.com\/wp-content\/uploads\/equip-dansaeducocreativa-768x431.webp 768w, https:\/\/dansaeducocreativa.com\/wp-content\/uploads\/equip-dansaeducocreativa-1536x863.webp 1536w, https:\/\/dansaeducocreativa.com\/wp-content\/uploads\/equip-dansaeducocreativa-2048x1150.webp 2048w\" sizes=\"(max-width: 2560px) 100vw, 2560px\" \/>\t\t\t\t\t\t\t\t\t\t\t\t\t\t\t<\/div>\n\t\t\t\t<\/div>\n\t\t\t\t<\/div>\n\t\t<div class=\"elementor-element elementor-element-92147c4 e-flex e-con-boxed e-con e-parent\" data-id=\"92147c4\" data-element_type=\"container\" data-e-type=\"container\" data-settings=\"{&quot;background_background&quot;:&quot;classic&quot;}\" data-theme=\"light\">\n\t\t\t\t\t<div class=\"e-con-inner\">\n\t\t<div class=\"elementor-element elementor-element-8f6e5cb e-con-full e-flex e-con e-child\" data-id=\"8f6e5cb\" data-element_type=\"container\" data-e-type=\"container\">\n\t\t\t\t<div class=\"elementor-element elementor-element-1adf9aa elementor-widget elementor-widget-heading\" data-id=\"1adf9aa\" data-element_type=\"widget\" data-e-type=\"widget\" data-widget_type=\"heading.default\">\n\t\t\t\t<div class=\"elementor-widget-container\">\n\t\t\t\t\t<h2 class=\"elementor-heading-title elementor-size-default\">Forma part de la comunitat IDES<\/h2>\t\t\t\t<\/div>\n\t\t\t\t<\/div>\n\t\t\t\t<div class=\"elementor-element elementor-element-6ba124e elementor-widget elementor-widget-text-editor\" data-id=\"6ba124e\" data-element_type=\"widget\" data-e-type=\"widget\" data-widget_type=\"text-editor.default\">\n\t\t\t\t<div class=\"elementor-widget-container\">\n\t\t\t\t\t\t\t\t\t<p>Si vols participar en els nostres programes de formaci\u00f3 en dansa, en els nostres projectes socials o con\u00e9ixer m\u00e9s sobre les nostres creacions i iniciatives, contacta amb nosaltres i descobreix com la dansa pot transformar la teua vida.<\/p>\t\t\t\t\t\t\t\t<\/div>\n\t\t\t\t<\/div>\n\t\t\t\t<\/div>\n\t\t<div class=\"elementor-element elementor-element-9de23d4 e-con-full e-flex e-con e-child\" data-id=\"9de23d4\" data-element_type=\"container\" data-e-type=\"container\">\n\t\t\t\t<div class=\"elementor-element elementor-element-bb622d0 elementor-align-right fletxa elementor-widget elementor-widget-button\" data-id=\"bb622d0\" data-element_type=\"widget\" data-e-type=\"widget\" data-widget_type=\"button.default\">\n\t\t\t\t<div class=\"elementor-widget-container\">\n\t\t\t\t\t\t\t\t\t<div class=\"elementor-button-wrapper\">\n\t\t\t\t\t<a class=\"elementor-button elementor-button-link elementor-size-sm\" href=\"https:\/\/dansaeducocreativa.com\/contacte\/\">\n\t\t\t\t\t\t<span class=\"elementor-button-content-wrapper\">\n\t\t\t\t\t\t\t\t\t<span class=\"elementor-button-text\">FORMA'N PART<\/span>\n\t\t\t\t\t<\/span>\n\t\t\t\t\t<\/a>\n\t\t\t\t<\/div>\n\t\t\t\t\t\t\t\t<\/div>\n\t\t\t\t<\/div>\n\t\t\t\t<\/div>\n\t\t\t\t\t<\/div>\n\t\t\t\t<\/div>\n\t\t\t\t<\/div>\n\t\t","protected":false},"excerpt":{"rendered":"<p>Desenvolupem projectes per a la promoci\u00f3, formaci\u00f3, investigaci\u00f3 i innovaci\u00f3 de la dansa en l&#8217;\u00e0mbit educatiu i social.<\/p>\n","protected":false},"author":1,"featured_media":0,"parent":0,"menu_order":0,"comment_status":"closed","ping_status":"closed","template":"elementor_header_footer","meta":{"footnotes":""},"class_list":["post-554","page","type-page","status-publish","hentry"],"_links":{"self":[{"href":"https:\/\/dansaeducocreativa.com\/val\/wp-json\/wp\/v2\/pages\/554","targetHints":{"allow":["GET"]}}],"collection":[{"href":"https:\/\/dansaeducocreativa.com\/val\/wp-json\/wp\/v2\/pages"}],"about":[{"href":"https:\/\/dansaeducocreativa.com\/val\/wp-json\/wp\/v2\/types\/page"}],"author":[{"embeddable":true,"href":"https:\/\/dansaeducocreativa.com\/val\/wp-json\/wp\/v2\/users\/1"}],"replies":[{"embeddable":true,"href":"https:\/\/dansaeducocreativa.com\/val\/wp-json\/wp\/v2\/comments?post=554"}],"version-history":[{"count":286,"href":"https:\/\/dansaeducocreativa.com\/val\/wp-json\/wp\/v2\/pages\/554\/revisions"}],"predecessor-version":[{"id":2787,"href":"https:\/\/dansaeducocreativa.com\/val\/wp-json\/wp\/v2\/pages\/554\/revisions\/2787"}],"wp:attachment":[{"href":"https:\/\/dansaeducocreativa.com\/val\/wp-json\/wp\/v2\/media?parent=554"}],"curies":[{"name":"wp","href":"https:\/\/api.w.org\/{rel}","templated":true}]}}