{"id":91,"date":"2024-09-25T10:44:47","date_gmt":"2024-09-25T08:44:47","guid":{"rendered":"https:\/\/dansaeducocreativa.com\/?page_id=91"},"modified":"2025-04-29T22:10:43","modified_gmt":"2025-04-29T20:10:43","slug":"inici","status":"publish","type":"page","link":"https:\/\/dansaeducocreativa.com\/val\/inici\/","title":{"rendered":"Inici_old"},"content":{"rendered":"\t\t<div data-elementor-type=\"wp-page\" data-elementor-id=\"91\" class=\"elementor elementor-91\" data-elementor-post-type=\"page\">\n\t\t\t\t<div class=\"elementor-element elementor-element-38c7b97a e-flex e-con-boxed e-con e-parent\" data-id=\"38c7b97a\" data-element_type=\"container\" data-e-type=\"container\" data-settings=\"{&quot;background_background&quot;:&quot;classic&quot;,&quot;background_motion_fx_motion_fx_scrolling&quot;:&quot;yes&quot;,&quot;background_motion_fx_blur_effect&quot;:&quot;yes&quot;,&quot;background_motion_fx_blur_direction&quot;:&quot;in-out&quot;,&quot;background_motion_fx_blur_level&quot;:{&quot;unit&quot;:&quot;px&quot;,&quot;size&quot;:15,&quot;sizes&quot;:[]},&quot;background_motion_fx_blur_range&quot;:{&quot;unit&quot;:&quot;%&quot;,&quot;size&quot;:&quot;&quot;,&quot;sizes&quot;:{&quot;start&quot;:51,&quot;end&quot;:74}},&quot;motion_fx_motion_fx_scrolling&quot;:&quot;yes&quot;,&quot;motion_fx_translateY_effect&quot;:&quot;yes&quot;,&quot;motion_fx_translateY_direction&quot;:&quot;negative&quot;,&quot;motion_fx_translateY_speed&quot;:{&quot;unit&quot;:&quot;px&quot;,&quot;size&quot;:2.3,&quot;sizes&quot;:[]},&quot;background_motion_fx_devices&quot;:[&quot;desktop&quot;,&quot;tablet&quot;,&quot;mobile&quot;],&quot;motion_fx_translateY_affectedRange&quot;:{&quot;unit&quot;:&quot;%&quot;,&quot;size&quot;:&quot;&quot;,&quot;sizes&quot;:{&quot;start&quot;:0,&quot;end&quot;:100}},&quot;motion_fx_devices&quot;:[&quot;desktop&quot;,&quot;tablet&quot;,&quot;mobile&quot;]}\">\n\t\t\t\t\t<div class=\"e-con-inner\">\n\t\t<div class=\"elementor-element elementor-element-6395afe e-con-full e-flex e-con e-child\" data-id=\"6395afe\" data-element_type=\"container\" data-e-type=\"container\" data-settings=\"{&quot;motion_fx_motion_fx_mouse&quot;:&quot;yes&quot;,&quot;motion_fx_mouseTrack_effect&quot;:&quot;yes&quot;,&quot;motion_fx_mouseTrack_speed&quot;:{&quot;unit&quot;:&quot;px&quot;,&quot;size&quot;:0.2,&quot;sizes&quot;:[]}}\">\n\t\t\t\t<div class=\"elementor-element elementor-element-75a69a6 elementor-widget elementor-widget-heading\" data-id=\"75a69a6\" data-element_type=\"widget\" data-e-type=\"widget\" data-widget_type=\"heading.default\">\n\t\t\t\t<div class=\"elementor-widget-container\">\n\t\t\t\t\t<h1 class=\"elementor-heading-title elementor-size-default\">Aprenentatge a trav\u00e9s del moviment<\/h1>\t\t\t\t<\/div>\n\t\t\t\t<\/div>\n\t\t\t\t<div class=\"elementor-element elementor-element-4f18ae3 elementor-widget elementor-widget-text-editor\" data-id=\"4f18ae3\" data-element_type=\"widget\" data-e-type=\"widget\" data-widget_type=\"text-editor.default\">\n\t\t\t\t<div class=\"elementor-widget-container\">\n\t\t\t\t\t\t\t\t\t<p>Benvinguda a l&#8217;Institut de Dansa Educocreativa\u00ae i Social, un espai on la dansa transforma vides.<\/p><p>Oferim formaci\u00f3, investigaci\u00f3 i projectes socials centrats en el moviment. Estem aqu\u00ed per ajudar-te a expressar-te, aprendre i cr\u00e9ixer a trav\u00e9s de la dansa.<\/p>\t\t\t\t\t\t\t\t<\/div>\n\t\t\t\t<\/div>\n\t\t\t\t<\/div>\n\t\t<div class=\"elementor-element elementor-element-0271cca e-con-full e-flex e-con e-child\" data-id=\"0271cca\" data-element_type=\"container\" data-e-type=\"container\">\n\t\t\t\t<div class=\"elementor-element elementor-element-99963ba icon01 animated-fast elementor-view-default elementor-position-block-start elementor-mobile-position-block-start elementor-invisible elementor-widget elementor-widget-icon-box\" data-id=\"99963ba\" data-element_type=\"widget\" data-e-type=\"widget\" id=\"icon01\" data-settings=\"{&quot;_animation&quot;:&quot;fadeInUp&quot;}\" data-widget_type=\"icon-box.default\">\n\t\t\t\t<div class=\"elementor-widget-container\">\n\t\t\t\t\t\t\t<div class=\"elementor-icon-box-wrapper\">\n\n\t\t\t\t\t\t<div class=\"elementor-icon-box-icon\">\n\t\t\t\t<span  class=\"elementor-icon\">\n\t\t\t\t<svg xmlns=\"http:\/\/www.w3.org\/2000\/svg\" id=\"Layer_2\" viewBox=\"0 0 172.29 164.27\"><g id=\"Layer_1-2\"><path d=\"M0,93.89c.15-3.91,0-7.86.52-11.72.62-4.6,1.66-9.16,2.76-13.68,1.74-7.14,4.68-13.78,8.2-20.26,4.53-8.34,9.58-16.27,15.58-23.61,3.5-4.29,7.7-7.79,12.22-10.98,6.86-4.83,14.09-8.92,22.19-11.28,2.18-.63,4.49-.9,6.76-1.07,4.37-.33,8.76-.42,13.14-.7C87.76.18,94.15.07,100.56,0c5.51-.06,10.73.86,15.87,2.8,5.94,2.25,11.91,4.55,16.65,8.85,5.19,4.7,10.8,8.9,15.98,13.58,9.23,8.34,15.92,18.42,19.47,30.48,2.33,7.93,3.83,15.98,3.76,24.27-.04,4.26-.15,8.53-.41,12.79-.34,5.51-2.53,10.43-5.46,14.99-1.79,2.78-3.99,5.29-5.99,7.93-1.26,1.67-2.78,3.22-3.66,5.07-4.31,9.09-11.22,15.86-18.97,21.96-12.36,9.72-26.34,16.01-41.52,19.76-4.66,1.15-9.42,1.59-14.21,1.76-3.16.11-6.32,0-9.49.04-2.96.04-5.86-.4-8.58-1.53-7.48-3.11-15.29-5.32-22.87-8.15-2.85-1.07-5.7-2.14-8.5-3.31-1.52-.64-3-1.42-4.41-2.28-4.48-2.72-8.46-6.08-12.27-9.67-2.94-2.77-4.8-6.27-6.61-9.77-2.42-4.66-4.68-9.41-6.97-14.14-1.76-3.64-2.15-7.58-2.25-11.55-.08-3.32-.02-6.64-.02-9.96-.04,0-.08,0-.12,0ZM132.2,72.44s-.04,0-.06,0c0-2.61,0-5.22,0-7.83,0-2.75-.44-5.43-1.21-8.06-1.81-6.16-5.08-11.53-8.95-16.59-1.75-2.29-3.93-3.85-6.62-4.78-1.46-.5-2.92-.99-4.37-1.5-2.85-1-5.79-1.2-8.77-1.02-2.17.13-4.33.38-6.5.44-4.36.12-8.65.66-12.86,1.84-7.74,2.16-14.44,5.98-19.6,12.22-3.43,4.14-6.65,8.46-9.24,13.19-1.59,2.9-3.31,5.83-4.26,8.96-3.28,10.79-1.28,20.83,4.93,30.14,1.15,1.73,2.15,3.59,3.04,5.47,1.02,2.18,1.8,4.47,2.76,6.68,1.72,3.92,4.76,6.43,8.88,7.36,2.83.64,5.76,1.03,8.67,1.13,4.82.16,9.64.09,14.46-.06,1.75-.05,3.54-.42,5.2-.97,6.36-2.14,12.03-5.56,17.24-9.76,4.81-3.89,9.34-8.06,12.68-13.36,3.02-4.79,4.78-9.94,4.6-15.68-.08-2.61-.01-5.22-.01-7.83Z\" style=\"fill:#ffca0f;\"><\/path><path d=\"M132.2,72.44c0,2.61-.07,5.22.01,7.83.18,5.74-1.58,10.89-4.6,15.68-3.34,5.29-7.86,9.47-12.68,13.36-5.2,4.2-10.88,7.62-17.24,9.76-1.66.56-3.45.92-5.2.97-4.82.15-9.65.23-14.46.06-2.9-.1-5.83-.49-8.67-1.13-4.12-.93-7.15-3.44-8.88-7.36-.97-2.21-1.74-4.5-2.76-6.68-.89-1.89-1.89-3.74-3.04-5.47-6.21-9.31-8.21-19.36-4.93-30.14.95-3.13,2.68-6.06,4.26-8.96,2.59-4.73,5.81-9.05,9.24-13.19,5.16-6.24,11.86-10.06,19.6-12.22,4.21-1.18,8.5-1.72,12.86-1.84,2.17-.06,4.33-.31,6.5-.44,2.98-.18,5.92.02,8.77,1.02,1.45.51,2.91,1,4.37,1.5,2.68.93,4.86,2.49,6.62,4.78,3.87,5.06,7.14,10.43,8.95,16.59.77,2.63,1.21,5.31,1.21,8.06,0,2.61,0,5.22,0,7.83.02,0,.04,0,.06,0ZM107.99,72.46h0c0-1.58-.08-3.17.02-4.74.24-4.01-1.34-7.4-3.52-10.58-.19-.28-.61-.56-.92-.56-4.42-.04-8.84-.38-13.23.44-4.43.83-8.23,2.72-10.97,6.42-1.46,1.97-2.83,4-4.33,5.93-1.05,1.35-1.27,2.82-.78,4.36,1.69,5.32,4.23,10.12,8.69,13.68,2.67,2.13,5.5,4,8.8,5.02,1.18.37,2.39.55,3.57-.08,3.61-1.93,6.94-4.25,9.69-7.32,1.99-2.22,3.3-4.69,3.02-7.82-.14-1.57-.02-3.16-.02-4.74Z\" style=\"fill:#ad46ab;\"><\/path><path d=\"M107.99,72.46c0,1.58-.12,3.17.02,4.74.28,3.13-1.03,5.61-3.02,7.82-2.75,3.07-6.08,5.39-9.69,7.32-1.17.63-2.38.45-3.57.08-3.3-1.03-6.13-2.9-8.8-5.02-4.46-3.56-7-8.36-8.69-13.68-.49-1.54-.27-3,.78-4.36,1.5-1.93,2.87-3.96,4.33-5.93,2.74-3.7,6.54-5.59,10.97-6.42,4.39-.82,8.82-.48,13.23-.44.31,0,.73.29.92.56,2.19,3.18,3.76,6.57,3.52,10.58-.09,1.58-.02,3.16-.02,4.74h0Z\"><\/path><\/g><\/svg>\t\t\t\t<\/span>\n\t\t\t<\/div>\n\t\t\t\n\t\t\t\t\t\t<div class=\"elementor-icon-box-content\">\n\n\t\t\t\t\t\t\t\t\t<h1 class=\"elementor-icon-box-title\">\n\t\t\t\t\t\t<span  >\n\t\t\t\t\t\t\tIDES\t\t\t\t\t\t<\/span>\n\t\t\t\t\t<\/h1>\n\t\t\t\t\n\t\t\t\t\n\t\t\t<\/div>\n\t\t\t\n\t\t<\/div>\n\t\t\t\t\t\t<\/div>\n\t\t\t\t<\/div>\n\t\t\t\t<div class=\"elementor-element elementor-element-9a8c171 elementor-position-inline-start icon02 animated-fast elementor-view-default elementor-mobile-position-block-start elementor-invisible elementor-widget elementor-widget-icon-box\" data-id=\"9a8c171\" data-element_type=\"widget\" data-e-type=\"widget\" id=\"icon02\" data-settings=\"{&quot;_animation&quot;:&quot;fadeInRight&quot;,&quot;_animation_delay&quot;:0}\" data-widget_type=\"icon-box.default\">\n\t\t\t\t<div class=\"elementor-widget-container\">\n\t\t\t\t\t\t\t<div class=\"elementor-icon-box-wrapper\">\n\n\t\t\t\t\t\t<div class=\"elementor-icon-box-icon\">\n\t\t\t\t<span  class=\"elementor-icon\">\n\t\t\t\t<svg xmlns=\"http:\/\/www.w3.org\/2000\/svg\" id=\"Layer_2\" viewBox=\"0 0 151.23 165.24\"><g id=\"Layer_1-2\"><path d=\"M151.23,83.35c-.1,4.19-.03,8.39-.33,12.56-.39,5.38-2.31,10.38-4.5,15.27-5.53,12.36-13.68,22.78-23.65,31.84-2.02,1.83-4.08,3.62-6.16,5.39-8.87,7.53-18.99,12.61-30.32,15.16-5.56,1.25-11.26,1.51-16.96,1.64-15.75.37-28.64-6.52-40.37-16.07-9.7-7.89-16.41-18.08-21.39-29.47-3.52-8.04-6.05-16.36-7.3-25.05-.13-.94-.18-1.89-.18-2.84-.03-6.8-.1-13.6-.04-20.4.05-5.7,1.62-11.08,3.87-16.26,3.45-7.94,8.36-14.95,13.86-21.57,5.92-7.13,12.8-13.25,20.21-18.75,7.83-5.83,16.69-9.33,26.31-11.02,4.62-.81,9.2-1.92,13.81-2.81C84.02-.17,90.03-.07,96.04.11c10.63.32,19.68,4.43,27.15,11.82,10.47,10.36,18.67,22.25,23.18,36.44,1.82,5.74,2.78,11.67,3.74,17.6.94,5.76.96,11.57,1.12,17.38ZM64.74,88.15c0,.36-.04.84,0,1.31.2,2.16.78,4.22,2.84,5.3,2.45,1.3,5.12,1.8,7.91,1.46,2.72-.34,4.32-2.15,5.88-4.19,2.54-3.31,2.95-6.71.92-10.37-.4-.72-.74-1.51-1.27-2.13-.69-.8-1.45-1.58-2.33-2.14-4.01-2.54-9.01-.89-11.45,2.31-1.89,2.47-2.59,5.28-2.51,8.45Z\" style=\"fill:#ff4b52;\"><\/path><path d=\"M64.74,88.15c-.08-3.17.63-5.97,2.51-8.45,2.44-3.2,7.44-4.85,11.45-2.31.88.56,1.65,1.35,2.33,2.14.53.62.87,1.4,1.27,2.13,2.02,3.66,1.61,7.06-.92,10.37-1.56,2.03-3.16,3.85-5.88,4.19-2.8.35-5.46-.16-7.91-1.46-2.06-1.09-2.63-3.14-2.84-5.3-.04-.47,0-.95,0-1.31Z\" style=\"fill:#92cee5;\"><\/path><\/g><\/svg>\t\t\t\t<\/span>\n\t\t\t<\/div>\n\t\t\t\n\t\t\t\t\t\t<div class=\"elementor-icon-box-content\">\n\n\t\t\t\t\t\t\t\t\t<h1 class=\"elementor-icon-box-title\">\n\t\t\t\t\t\t<span  >\n\t\t\t\t\t\t\tInnovatori de moviment\t\t\t\t\t\t<\/span>\n\t\t\t\t\t<\/h1>\n\t\t\t\t\n\t\t\t\t\n\t\t\t<\/div>\n\t\t\t\n\t\t<\/div>\n\t\t\t\t\t\t<\/div>\n\t\t\t\t<\/div>\n\t\t\t\t<div class=\"elementor-element elementor-element-69bdceb elementor-position-inline-end icon03 animated-fast elementor-view-default elementor-mobile-position-block-start elementor-invisible elementor-widget elementor-widget-icon-box\" data-id=\"69bdceb\" data-element_type=\"widget\" data-e-type=\"widget\" id=\"icon03\" data-settings=\"{&quot;_animation&quot;:&quot;fadeInLeft&quot;,&quot;_animation_delay&quot;:0}\" data-widget_type=\"icon-box.default\">\n\t\t\t\t<div class=\"elementor-widget-container\">\n\t\t\t\t\t\t\t<div class=\"elementor-icon-box-wrapper\">\n\n\t\t\t\t\t\t<div class=\"elementor-icon-box-icon\">\n\t\t\t\t<span  class=\"elementor-icon\">\n\t\t\t\t<svg xmlns=\"http:\/\/www.w3.org\/2000\/svg\" id=\"Layer_2\" viewBox=\"0 0 123.16 129.65\"><g id=\"Layer_1-2\"><path d=\"M123.16,64.73c-.18,9.08-.44,16.02-2.22,22.8-2.25,8.53-6.45,16.01-12.37,22.53-3.44,3.78-7.07,7.33-11.36,10.18-6.29,4.18-13.24,6.64-20.64,7.92-5.07.88-10.17,1.35-15.32,1.23-3.86-.09-7.74-.01-11.58-.35-2.72-.24-5.32.05-7.99.41-3.3.45-6.59.16-9.8-.99-7.49-2.69-13.27-7.61-18.4-13.53-5.22-6.02-7.97-13.19-10.19-20.66-1.39-4.7-2.36-9.49-3.04-14.35-.05-.39-.08-.79-.08-1.18-.06-4.9-.26-9.8-.13-14.7.16-6.27.38-12.55,2.26-18.63,1.81-5.85,4.57-11.25,7.59-16.55,3.68-6.46,8.44-12.06,13.97-16.94C30.85,5.75,38.97,1.76,48.29.45c6.13-.86,12.2-.4,18.27.58,1.17.19,2.37.43,3.53.33,4.64-.41,8.88.96,13.1,2.63,2.88,1.14,5.12,3.1,7.33,5.13,1.57,1.44,3.35,2.43,5.46,2.93,4.11.99,7.72,3.05,10.87,5.8,5.4,4.7,8.91,10.7,11.52,17.29,2.12,5.34,3.2,10.9,3.75,16.57.48,5.03.81,10.07,1.05,13ZM75.91,62.31s-.02,0-.03,0c0-1.14.06-2.29-.02-3.43-.06-.82-.26-1.64-.52-2.42-.09-.28-.53-.61-.82-.63-3.36-.14-6.71-.1-9.98.83-.82.23-1.4.7-1.7,1.5-1.06,2.79-1.7,5.67-1.66,8.67,0,.38.29.93.61,1.11,1.59.94,3.21,1.86,4.88,2.64,1.63.76,3.4,1.03,5.2.84.41-.04.91-.15,1.18-.42,1.81-1.8,3.25-3.77,2.89-6.56-.09-.7-.01-1.42-.01-2.13Z\" style=\"fill:#92cee5;\"><\/path><path d=\"M75.91,62.31c0,.71-.08,1.43.01,2.13.36,2.78-1.08,4.76-2.89,6.56-.27.27-.77.37-1.18.42-1.8.19-3.57-.08-5.2-.84-1.67-.78-3.29-1.7-4.88-2.64-.32-.19-.6-.73-.61-1.11-.04-2.99.6-5.87,1.66-8.67.3-.8.88-1.26,1.7-1.5,3.28-.92,6.62-.96,9.98-.83.29.01.73.35.82.63.26.78.46,1.6.52,2.42.08,1.14.02,2.29.02,3.43.01,0,.02,0,.03,0Z\"><\/path><\/g><\/svg>\t\t\t\t<\/span>\n\t\t\t<\/div>\n\t\t\t\n\t\t\t\t\t\t<div class=\"elementor-icon-box-content\">\n\n\t\t\t\t\t\t\t\t\t<h1 class=\"elementor-icon-box-title\">\n\t\t\t\t\t\t<span  >\n\t\t\t\t\t\t\tFormaci\u00f3 i investigaci\u00f3\t\t\t\t\t\t<\/span>\n\t\t\t\t\t<\/h1>\n\t\t\t\t\n\t\t\t\t\n\t\t\t<\/div>\n\t\t\t\n\t\t<\/div>\n\t\t\t\t\t\t<\/div>\n\t\t\t\t<\/div>\n\t\t\t\t<\/div>\n\t\t\t\t\t<\/div>\n\t\t\t\t<\/div>\n\t\t<div class=\"elementor-element elementor-element-ab8a008 e-flex e-con-boxed e-con e-parent\" data-id=\"ab8a008\" data-element_type=\"container\" data-e-type=\"container\" data-settings=\"{&quot;background_background&quot;:&quot;classic&quot;}\">\n\t\t\t\t\t<div class=\"e-con-inner\">\n\t\t\t\t<div class=\"elementor-element elementor-element-0086c8c elementor-widget elementor-widget-heading\" data-id=\"0086c8c\" data-element_type=\"widget\" data-e-type=\"widget\" data-widget_type=\"heading.default\">\n\t\t\t\t<div class=\"elementor-widget-container\">\n\t\t\t\t\t<h2 class=\"elementor-heading-title elementor-size-default\">Estudi Alicia Herrero<\/h2>\t\t\t\t<\/div>\n\t\t\t\t<\/div>\n\t\t<div class=\"elementor-element elementor-element-1e423f5 e-grid e-con-boxed e-con e-child\" data-id=\"1e423f5\" data-element_type=\"container\" data-e-type=\"container\">\n\t\t\t\t\t<div class=\"e-con-inner\">\n\t\t<div class=\"elementor-element elementor-element-69bd542 e-con-full e-flex e-con e-child\" data-id=\"69bd542\" data-element_type=\"container\" data-e-type=\"container\">\n\t\t\t\t<div class=\"elementor-element elementor-element-43f91c3 elementor-widget elementor-widget-heading\" data-id=\"43f91c3\" data-element_type=\"widget\" data-e-type=\"widget\" data-widget_type=\"heading.default\">\n\t\t\t\t<div class=\"elementor-widget-container\">\n\t\t\t\t\t<h4 class=\"elementor-heading-title elementor-size-default\">Programes educatius per a cossos intel\u00b7ligents i ments creatives<\/h4>\t\t\t\t<\/div>\n\t\t\t\t<\/div>\n\t\t\t\t<div class=\"elementor-element elementor-element-361cd18 elementor-widget elementor-widget-text-editor\" data-id=\"361cd18\" data-element_type=\"widget\" data-e-type=\"widget\" data-widget_type=\"text-editor.default\">\n\t\t\t\t<div class=\"elementor-widget-container\">\n\t\t\t\t\t\t\t\t\t<p>El nostre programa, <strong>Dansa Educocreativa\u00ae<\/strong>, ofereix una formaci\u00f3 en dansa i arts del moviment. A m\u00e9s, ofereix un itinerari de preparaci\u00f3 per als estudis oficials professionals i superiors de dansa.<\/p><p>Fundat per Alicia Herrero l&#8217;any 2010, actualment est\u00e0 dirigit per Cristina Puchades i constitu\u00eft com a <strong>cooperativa de dones<\/strong>.<\/p>\t\t\t\t\t\t\t\t<\/div>\n\t\t\t\t<\/div>\n\t\t\t\t<\/div>\n\t\t<div class=\"elementor-element elementor-element-de6ad87 e-con-full e-flex e-con e-child\" data-id=\"de6ad87\" data-element_type=\"container\" data-e-type=\"container\" data-settings=\"{&quot;background_background&quot;:&quot;classic&quot;,&quot;background_motion_fx_motion_fx_scrolling&quot;:&quot;yes&quot;,&quot;background_motion_fx_translateX_effect&quot;:&quot;yes&quot;,&quot;background_motion_fx_translateX_speed&quot;:{&quot;unit&quot;:&quot;px&quot;,&quot;size&quot;:4,&quot;sizes&quot;:[]},&quot;background_motion_fx_translateX_affectedRange&quot;:{&quot;unit&quot;:&quot;%&quot;,&quot;size&quot;:&quot;&quot;,&quot;sizes&quot;:{&quot;start&quot;:0,&quot;end&quot;:100}},&quot;background_motion_fx_devices&quot;:[&quot;desktop&quot;,&quot;tablet&quot;,&quot;mobile&quot;]}\">\n\t\t\t\t<\/div>\n\t\t<div class=\"elementor-element elementor-element-d005b27 e-con-full e-flex e-con e-child\" data-id=\"d005b27\" data-element_type=\"container\" data-e-type=\"container\">\n\t\t\t\t<div class=\"elementor-element elementor-element-4f60edb elementor-widget elementor-widget-text-editor\" data-id=\"4f60edb\" data-element_type=\"widget\" data-e-type=\"widget\" data-widget_type=\"text-editor.default\">\n\t\t\t\t<div class=\"elementor-widget-container\">\n\t\t\t\t\t\t\t\t\t<h5><strong>Formaci\u00f3 interdisciplin\u00e0ria dans\u00edstica<\/strong><\/h5><p>Estils de dansa creativa, acad\u00e8mica, espanyola, contempor\u00e0nia i musical des dels 3 anys.<\/p><p>Programa educatiu propi amb una metodologia inclusiva, personalitzadora i indagadora.<\/p><p>El nostre programa forma part de la formaci\u00f3 cont\u00ednua per al professorat organitzada pel CEFIRE (Conselleria d&#8217;Educaci\u00f3) i en el Conservatori Superior de Dansa de Val\u00e8ncia Nacho Duato (Especialitat de Dansa Social), aix\u00ed com en investigacions educatives en col\u00b7laboraci\u00f3 amb la Universitat de Val\u00e8ncia i la Universitat de Granada.<\/p>\t\t\t\t\t\t\t\t<\/div>\n\t\t\t\t<\/div>\n\t\t\t\t<\/div>\n\t\t\t\t\t<\/div>\n\t\t\t\t<\/div>\n\t\t\t\t\t<\/div>\n\t\t\t\t<\/div>\n\t\t\t\t<\/div>\n\t\t","protected":false},"excerpt":{"rendered":"<p>Aprenentatge a trav\u00e9s del moviment Benvinguda a l&#8217;Institut de Dansa Educocreativa\u00ae i Social, un espai on la dansa transforma vides. Oferim formaci\u00f3, investigaci\u00f3 i projectes socials centrats en el moviment. Estem aqu\u00ed per ajudar-te a expressar-te, aprendre i cr\u00e9ixer a trav\u00e9s de la dansa. IDES Innovatori de moviment Formaci\u00f3 i investigaci\u00f3 Estudi Alicia Herrero Programes [&hellip;]<\/p>\n","protected":false},"author":1,"featured_media":0,"parent":0,"menu_order":0,"comment_status":"closed","ping_status":"closed","template":"elementor_header_footer","meta":{"footnotes":""},"class_list":["post-91","page","type-page","status-publish","hentry"],"_links":{"self":[{"href":"https:\/\/dansaeducocreativa.com\/val\/wp-json\/wp\/v2\/pages\/91","targetHints":{"allow":["GET"]}}],"collection":[{"href":"https:\/\/dansaeducocreativa.com\/val\/wp-json\/wp\/v2\/pages"}],"about":[{"href":"https:\/\/dansaeducocreativa.com\/val\/wp-json\/wp\/v2\/types\/page"}],"author":[{"embeddable":true,"href":"https:\/\/dansaeducocreativa.com\/val\/wp-json\/wp\/v2\/users\/1"}],"replies":[{"embeddable":true,"href":"https:\/\/dansaeducocreativa.com\/val\/wp-json\/wp\/v2\/comments?post=91"}],"version-history":[{"count":80,"href":"https:\/\/dansaeducocreativa.com\/val\/wp-json\/wp\/v2\/pages\/91\/revisions"}],"predecessor-version":[{"id":1714,"href":"https:\/\/dansaeducocreativa.com\/val\/wp-json\/wp\/v2\/pages\/91\/revisions\/1714"}],"wp:attachment":[{"href":"https:\/\/dansaeducocreativa.com\/val\/wp-json\/wp\/v2\/media?parent=91"}],"curies":[{"name":"wp","href":"https:\/\/api.w.org\/{rel}","templated":true}]}}